{"id":25,"date":"2020-03-15T20:02:16","date_gmt":"2020-03-15T20:02:16","guid":{"rendered":"http:\/\/localhost:8888\/?page_id=25"},"modified":"2026-02-01T15:21:12","modified_gmt":"2026-02-01T14:21:12","slug":"seite","status":"publish","type":"page","link":"https:\/\/efg-wuensdorf.de\/","title":{"rendered":"EFG W\u00fcnsdorf"},"content":{"rendered":"\n<h1 class=\"wp-block-heading has-text-align-center\" id=\"willkommen\">Willkommen<\/h1>\n\n\n\n<p class=\"has-text-align-center\">auf der Hompage der Evangelisch Freikirchlichen Gemeinde W\u00fcnsdorf. Wir sind eine kleine Br\u00fcdergemeinde und treffen uns immer Sonntags um 10:15 Uhr zum Gottesdienst. Zus\u00e4tzlich findet jeden Dienstag, um 19:30 Uhr in den R\u00e4umen unserer Gemeinde ein Bibelgespr\u00e4ch statt. Unser Gemeindehaus befindet sich in der Rampe 3, in 15806 Zossen OT W\u00fcnsdorf. Als Evangelische Freikirche sind wir Mitglied im Bund Evangelisch-Freikirchlicher-Gemeinden in Deutschland und staatlich als K.\u00f6.d.R.* anerkannt. \u00dcber andere Aktivit\u00e4ten unserer Gemeinde k\u00f6nnen Sie sich gerne auf unserer Hompage informieren.<\/p>\n\n\n\n<p class=\"has-text-align-center\"><strong>*K\u00f6rperschaft des \u00f6ffentlichen Rechts<\/strong><\/p>\n\n\n\n<div style=\"height:56px\" aria-hidden=\"true\" class=\"wp-block-spacer\"><\/div>\n\n\n\n<div style=\"height:56px\" aria-hidden=\"true\" class=\"wp-block-spacer\"><\/div>\n\n\n<p><!--EndFragment--><\/p>\n\n\n<p class=\"has-text-align-center\"><strong> <\/strong><\/p>\n\n\n\n<div style=\"height:56px\" aria-hidden=\"true\" class=\"wp-block-spacer\"><\/div>\n\n\n\n<div style=\"height:56px\" aria-hidden=\"true\" class=\"wp-block-spacer\"><\/div>\n","protected":false},"excerpt":{"rendered":"<p>Willkommen auf der Hompage der Evangelisch Freikirchlichen Gemeinde W\u00fcnsdorf. Wir sind eine kleine Br\u00fcdergemeinde und treffen uns immer Sonntags um 10:15 Uhr zum Gottesdienst. Zus\u00e4tzlich findet jeden Dienstag, um 19:30 Uhr in den R\u00e4umen unserer Gemeinde ein Bibelgespr\u00e4ch statt. Unser<\/p>\n","protected":false},"author":1,"featured_media":0,"parent":0,"menu_order":0,"comment_status":"closed","ping_status":"closed","template":"","meta":{"footnotes":""},"class_list":["post-25","page","type-page","status-publish","hentry"],"_links":{"self":[{"href":"https:\/\/efg-wuensdorf.de\/index.php?rest_route=\/wp\/v2\/pages\/25","targetHints":{"allow":["GET"]}}],"collection":[{"href":"https:\/\/efg-wuensdorf.de\/index.php?rest_route=\/wp\/v2\/pages"}],"about":[{"href":"https:\/\/efg-wuensdorf.de\/index.php?rest_route=\/wp\/v2\/types\/page"}],"author":[{"embeddable":true,"href":"https:\/\/efg-wuensdorf.de\/index.php?rest_route=\/wp\/v2\/users\/1"}],"replies":[{"embeddable":true,"href":"https:\/\/efg-wuensdorf.de\/index.php?rest_route=%2Fwp%2Fv2%2Fcomments&post=25"}],"version-history":[{"count":15,"href":"https:\/\/efg-wuensdorf.de\/index.php?rest_route=\/wp\/v2\/pages\/25\/revisions"}],"predecessor-version":[{"id":205,"href":"https:\/\/efg-wuensdorf.de\/index.php?rest_route=\/wp\/v2\/pages\/25\/revisions\/205"}],"wp:attachment":[{"href":"https:\/\/efg-wuensdorf.de\/index.php?rest_route=%2Fwp%2Fv2%2Fmedia&parent=25"}],"curies":[{"name":"wp","href":"https:\/\/api.w.org\/{rel}","templated":true}]}}