{"id":137,"date":"2023-03-21T11:26:06","date_gmt":"2023-03-21T10:26:06","guid":{"rendered":"https:\/\/www.efg-wuensdorf.de\/?page_id=137"},"modified":"2023-05-05T10:23:23","modified_gmt":"2023-05-05T09:23:23","slug":"history-ausstellung","status":"publish","type":"page","link":"https:\/\/efg-wuensdorf.de\/?page_id=137","title":{"rendered":"History Ausstellung"},"content":{"rendered":"\n<p>Vom <strong>11. Juni 2023 bis 16. Juni<\/strong> wird im B\u00fcrgerhaus W\u00fcnsdorf die Ausstellung: &#8222;<strong>History Das Christentum ver\u00e4ndert die Welt<\/strong> &#8220; stattfinden.<\/p>\n\n\n\n<p>Dazu sind Sie t\u00e4glich ab 10.00 Uhr bis 18.00 Uhr herzlich eingeladen. <\/p>\n\n\n\n<p>F\u00fchrungen k\u00f6nnen ohne Termin nicht immer gew\u00e4hrleistet werden. Eine <strong>F\u00fchrung <\/strong>k\u00f6nnen Sie unter <strong>0157 33264595<\/strong> vereinbaren. Auch Anfragen per E-Mail <a href=\"mailto:info@efg-wuensdorf.de\">info@efg-wuensdorf.de<\/a> sind m\u00f6glich.<\/p>\n\n\n\n<p><strong>Bitte Gruppenf\u00fchrungen immer vorher anmelden!<\/strong> <\/p>\n\n\n\n<p>F\u00fcr Gruppenf\u00fchrungen stehen wir auch ausserhalb der \u00d6ffnungszeiten ab 8.00 Uhr zur Verf\u00fcgung.<\/p>\n\n\n\n<p>Sollten Sie Fragen rund um die Auststellung haben, so sind wir unter der oben angegeben Telefonnummer f\u00fcr Sie erreichabr. <\/p>\n\n\n\n<p>Einige Informationen k\u00f6nnen Sie bereits dem Flyer entnehmen.<\/p>\n\n\n\n<p><\/p>\n\n\n\n<p class=\"has-pale-cyan-blue-color has-text-color\"><a href=\"https:\/\/www.efg-wuensdorf.de\/wp-content\/uploads\/2023\/03\/hisstory_fl_wuensdorf.pdf\" target=\"_blank\" rel=\"noreferrer noopener\">Download Flyer<\/a><\/p>\n\n\n\n<p><\/p>\n\n\n","protected":false},"excerpt":{"rendered":"<p>Vom 11. Juni 2023 bis 16. Juni wird im B\u00fcrgerhaus W\u00fcnsdorf die Ausstellung: &#8222;History Das Christentum ver\u00e4ndert die Welt &#8220; stattfinden. Dazu sind Sie t\u00e4glich ab 10.00 Uhr bis 18.00 Uhr herzlich eingeladen. F\u00fchrungen k\u00f6nnen ohne Termin nicht immer gew\u00e4hrleistet<\/p>\n","protected":false},"author":2,"featured_media":0,"parent":0,"menu_order":0,"comment_status":"closed","ping_status":"closed","template":"","meta":{"footnotes":""},"class_list":["post-137","page","type-page","status-publish","hentry"],"_links":{"self":[{"href":"https:\/\/efg-wuensdorf.de\/index.php?rest_route=\/wp\/v2\/pages\/137","targetHints":{"allow":["GET"]}}],"collection":[{"href":"https:\/\/efg-wuensdorf.de\/index.php?rest_route=\/wp\/v2\/pages"}],"about":[{"href":"https:\/\/efg-wuensdorf.de\/index.php?rest_route=\/wp\/v2\/types\/page"}],"author":[{"embeddable":true,"href":"https:\/\/efg-wuensdorf.de\/index.php?rest_route=\/wp\/v2\/users\/2"}],"replies":[{"embeddable":true,"href":"https:\/\/efg-wuensdorf.de\/index.php?rest_route=%2Fwp%2Fv2%2Fcomments&post=137"}],"version-history":[{"count":13,"href":"https:\/\/efg-wuensdorf.de\/index.php?rest_route=\/wp\/v2\/pages\/137\/revisions"}],"predecessor-version":[{"id":200,"href":"https:\/\/efg-wuensdorf.de\/index.php?rest_route=\/wp\/v2\/pages\/137\/revisions\/200"}],"wp:attachment":[{"href":"https:\/\/efg-wuensdorf.de\/index.php?rest_route=%2Fwp%2Fv2%2Fmedia&parent=137"}],"curies":[{"name":"wp","href":"https:\/\/api.w.org\/{rel}","templated":true}]}}